{"id":1165,"date":"2024-02-12T17:30:27","date_gmt":"2024-02-12T15:30:27","guid":{"rendered":"https:\/\/b30re87p.myraidbox.de\/fachgruppe\/advisory-board\/"},"modified":"2024-07-09T11:44:15","modified_gmt":"2024-07-09T09:44:15","slug":"advisory-board","status":"publish","type":"page","link":"https:\/\/www.bioinformatik.de\/en\/fachgruppe\/advisory-board\/","title":{"rendered":"Advisory Board"},"content":{"rendered":"<p>[et_pb_section fb_built=\u201c1\u201d _builder_version=\u201c4.18.0\u201d _module_preset=\u201cdefault\u201d background_color=\u201cRGBA(255,255,255,0)\u201d global_colors_info=\u201d{}\u201d][et_pb_row _builder_version=\u201c4.18.0\u201d _module_preset=\u201cdefault\u201d global_colors_info=\u201d{}\u201d][et_pb_column type=\u201c4_4\u201d _builder_version=\u201c4.18.0\u201d _module_preset=\u201cdefault\u201d global_colors_info=\u201d{}\u201d][et_pb_text _builder_version=\u201c4.18.0\u201d _module_preset=\u201cdefault\u201d global_colors_info=\u201d{}\u201d]<\/p>\n<h1>Advisory Board<\/h1>\n<p>[\/et_pb_text][et_pb_text _builder_version=\u201c4.24.2\u201d _module_preset=\u201cdefault\u201d hover_enabled=\u201c0\u201d global_colors_info=\u201d{}\u201d sticky_enabled=\u201c0\u201d]<\/p>\n<p>On 13 September 2023 the FaBI board elected the FaBI board for the next three years. Its members are<\/p>\n<p>Prof. Dr. Christoph Dieterich (Univer\u00adsi\u00adt\u00e4ts\u00adklinik Heidelberg \/ Klaus-Tschira-Institute for Compu\u00adta\u00adtional Cardiology),<br>Prof. Dr. Caroline Friedel (LMU M\u00fcnchen, Infor\u00admatik, LFE Bioin\u00adfor\u00admatik),<br>Prof. Dr. Dominik Heider (Univer\u00adsit\u00e4t D\u00fcsseldorf, Institute for Computer Science),<br>Prof. Dr. Oliver Kohlbacher (Univer\u00adsit\u00e4t T\u00fcbingen und Unikli\u00adnikum T\u00fcbingen, Institut f\u00fcr Biome\u00addi\u00adzi\u00adnische Infor\u00admatik),<br>Prof. Dr. Sven Rahmann (Univer\u00adsit\u00e4t des Saarlands, Zentrum f\u00fcr Bioin\u00adfor\u00admatik),<br>Prof. Dr. Matthias Rarey (Univer\u00adsit\u00e4t Hamburg\/ Zentrum f\u00fcr Bioin\u00adfor\u00admatik),<br>Prof. Dr. Marcel Schulz (Goethe Univer\u00adsit\u00e4t Frankfurt, Compu\u00adta\u00adtional Epige\u00adnomics &amp; Systems Cardiology Group),<br>Dr. Bertram Wei\u00df (Bertram Weiss Consulting, Independent Scien\u00adtific Advisor) und<br>Dr. Kathi Zarnack (Goethe Univer\u00adsit\u00e4t Frankfurt, Buchmann Institute for Molecular Life Sciences).<\/p>\n<p>Caroline Friedel is the chair\u00adwoman, Sven Rahmann and Dominik Heider are the deputies.<\/p>\n<p>[\/et_pb_text][\/et_pb_column][\/et_pb_row][\/et_pb_section]<\/p>\n","protected":false},"excerpt":{"rendered":"<p>Advisory BoardOn 13 September 2023 the FaBI board elected the FaBI board for the next three years. Its members are Prof. Dr. Christoph Dieterich (Univer\u00adsi\u00adt\u00e4ts\u00adklinik Heidelberg \/ Klaus-Tschira-Institute for Compu\u00adta\u00adtional Cardiology),Prof. Dr. Caroline Friedel (LMU M\u00fcnchen, Infor\u00admatik, LFE Bioinformatik),Prof. Dr. Dominik Heider (Univer\u00adsit\u00e4t D\u00fcsseldorf, Institute for Computer Science),Prof. Dr. Oliver Kohlbacher (Univer\u00adsit\u00e4t T\u00fcbingen und Unikli\u00adnikum [\u2026]<\/p>\n","protected":false},"author":1,"featured_media":0,"parent":1162,"menu_order":0,"comment_status":"closed","ping_status":"closed","template":"","meta":{"_et_pb_use_builder":"on","_et_pb_old_content":"","_et_gb_content_width":"","wp_typography_post_enhancements_disabled":false,"footnotes":""},"yoast_head":"<!-- This site is optimized with the Yoast SEO plugin v23.3 - https:\/\/yoast.com\/wordpress\/plugins\/seo\/ -->\n<title>Advisory Board - Fachgruppe Bioinformatik<\/title>\n<meta name=\"robots\" content=\"index, follow, max-snippet:-1, max-image-preview:large, max-video-preview:-1\" \/>\n<link rel=\"canonical\" href=\"https:\/\/www.bioinformatik.de\/en\/fachgruppe\/advisory-board\/\" \/>\n<meta property=\"og:locale\" content=\"en_US\" \/>\n<meta property=\"og:type\" content=\"article\" \/>\n<meta property=\"og:title\" content=\"Advisory Board - Fachgruppe Bioinformatik\" \/>\n<meta property=\"og:description\" content=\"Advisory BoardOn 13 September 2023 the FaBI board elected the FaBI board for the next three years. Its members are Prof. Dr. Christoph Dieterich (Universit\u00e4tsklinik Heidelberg \/ Klaus-Tschira-Institute for Computational Cardiology),Prof. Dr. Caroline Friedel (LMU M\u00fcnchen, Informatik, LFE Bioinformatik),Prof. Dr. Dominik Heider (Universit\u00e4t D\u00fcsseldorf, Institute for Computer Science),Prof. Dr. Oliver Kohlbacher (Universit\u00e4t T\u00fcbingen und Uniklinikum [&hellip;]\" \/>\n<meta property=\"og:url\" content=\"https:\/\/www.bioinformatik.de\/en\/fachgruppe\/advisory-board\/\" \/>\n<meta property=\"og:site_name\" content=\"Fachgruppe Bioinformatik\" \/>\n<meta property=\"article:modified_time\" content=\"2024-07-09T09:44:15+00:00\" \/>\n<meta name=\"twitter:card\" content=\"summary_large_image\" \/>\n<meta name=\"twitter:label1\" content=\"Est. reading time\" \/>\n\t<meta name=\"twitter:data1\" content=\"1 minute\" \/>\n<script type=\"application\/ld+json\" class=\"yoast-schema-graph\">{\"@context\":\"https:\/\/schema.org\",\"@graph\":[{\"@type\":\"WebPage\",\"@id\":\"https:\/\/www.bioinformatik.de\/en\/fachgruppe\/advisory-board\/\",\"url\":\"https:\/\/www.bioinformatik.de\/en\/fachgruppe\/advisory-board\/\",\"name\":\"Advisory Board - Fachgruppe Bioinformatik\",\"isPartOf\":{\"@id\":\"https:\/\/www.bioinformatik.de\/en\/#website\"},\"datePublished\":\"2024-02-12T15:30:27+00:00\",\"dateModified\":\"2024-07-09T09:44:15+00:00\",\"breadcrumb\":{\"@id\":\"https:\/\/www.bioinformatik.de\/en\/fachgruppe\/advisory-board\/#breadcrumb\"},\"inLanguage\":\"en-US\",\"potentialAction\":[{\"@type\":\"ReadAction\",\"target\":[\"https:\/\/www.bioinformatik.de\/en\/fachgruppe\/advisory-board\/\"]}]},{\"@type\":\"BreadcrumbList\",\"@id\":\"https:\/\/www.bioinformatik.de\/en\/fachgruppe\/advisory-board\/#breadcrumb\",\"itemListElement\":[{\"@type\":\"ListItem\",\"position\":1,\"name\":\"Startseite\",\"item\":\"https:\/\/www.bioinformatik.de\/en\/\"},{\"@type\":\"ListItem\",\"position\":2,\"name\":\"Interest Group\",\"item\":\"https:\/\/www.bioinformatik.de\/en\/fachgruppe\/\"},{\"@type\":\"ListItem\",\"position\":3,\"name\":\"Advisory Board\"}]},{\"@type\":\"WebSite\",\"@id\":\"https:\/\/www.bioinformatik.de\/en\/#website\",\"url\":\"https:\/\/www.bioinformatik.de\/en\/\",\"name\":\"Fachgruppe Bioinformatik\",\"description\":\"\",\"publisher\":{\"@id\":\"https:\/\/www.bioinformatik.de\/en\/#organization\"},\"potentialAction\":[{\"@type\":\"SearchAction\",\"target\":{\"@type\":\"EntryPoint\",\"urlTemplate\":\"https:\/\/www.bioinformatik.de\/en\/?s={search_term_string}\"},\"query-input\":\"required name=search_term_string\"}],\"inLanguage\":\"en-US\"},{\"@type\":\"Organization\",\"@id\":\"https:\/\/www.bioinformatik.de\/en\/#organization\",\"name\":\"Fachgruppe Bioinformatik\",\"url\":\"https:\/\/www.bioinformatik.de\/en\/\",\"logo\":{\"@type\":\"ImageObject\",\"inLanguage\":\"en-US\",\"@id\":\"https:\/\/www.bioinformatik.de\/en\/#\/schema\/logo\/image\/\",\"url\":\"https:\/\/www.bioinformatik.de\/wp-content\/uploads\/fabi-logo.svg\",\"contentUrl\":\"https:\/\/www.bioinformatik.de\/wp-content\/uploads\/fabi-logo.svg\",\"width\":1168,\"height\":319,\"caption\":\"Fachgruppe Bioinformatik\"},\"image\":{\"@id\":\"https:\/\/www.bioinformatik.de\/en\/#\/schema\/logo\/image\/\"}}]}<\/script>\n<!-- \/ Yoast SEO plugin. -->","yoast_head_json":{"title":"Advisory Board - Fachgruppe Bioinformatik","robots":{"index":"index","follow":"follow","max-snippet":"max-snippet:-1","max-image-preview":"max-image-preview:large","max-video-preview":"max-video-preview:-1"},"canonical":"https:\/\/www.bioinformatik.de\/en\/fachgruppe\/advisory-board\/","og_locale":"en_US","og_type":"article","og_title":"Advisory Board - Fachgruppe Bioinformatik","og_description":"Advisory BoardOn 13 September 2023 the FaBI board elected the FaBI board for the next three years. Its members are Prof. Dr. Christoph Dieterich (Universit\u00e4tsklinik Heidelberg \/ Klaus-Tschira-Institute for Computational Cardiology),Prof. Dr. Caroline Friedel (LMU M\u00fcnchen, Informatik, LFE Bioinformatik),Prof. Dr. Dominik Heider (Universit\u00e4t D\u00fcsseldorf, Institute for Computer Science),Prof. Dr. Oliver Kohlbacher (Universit\u00e4t T\u00fcbingen und Uniklinikum [&hellip;]","og_url":"https:\/\/www.bioinformatik.de\/en\/fachgruppe\/advisory-board\/","og_site_name":"Fachgruppe Bioinformatik","article_modified_time":"2024-07-09T09:44:15+00:00","twitter_card":"summary_large_image","twitter_misc":{"Est. reading time":"1 minute"},"schema":{"@context":"https:\/\/schema.org","@graph":[{"@type":"WebPage","@id":"https:\/\/www.bioinformatik.de\/en\/fachgruppe\/advisory-board\/","url":"https:\/\/www.bioinformatik.de\/en\/fachgruppe\/advisory-board\/","name":"Advisory Board - Fachgruppe Bioinformatik","isPartOf":{"@id":"https:\/\/www.bioinformatik.de\/en\/#website"},"datePublished":"2024-02-12T15:30:27+00:00","dateModified":"2024-07-09T09:44:15+00:00","breadcrumb":{"@id":"https:\/\/www.bioinformatik.de\/en\/fachgruppe\/advisory-board\/#breadcrumb"},"inLanguage":"en-US","potentialAction":[{"@type":"ReadAction","target":["https:\/\/www.bioinformatik.de\/en\/fachgruppe\/advisory-board\/"]}]},{"@type":"BreadcrumbList","@id":"https:\/\/www.bioinformatik.de\/en\/fachgruppe\/advisory-board\/#breadcrumb","itemListElement":[{"@type":"ListItem","position":1,"name":"Startseite","item":"https:\/\/www.bioinformatik.de\/en\/"},{"@type":"ListItem","position":2,"name":"Interest Group","item":"https:\/\/www.bioinformatik.de\/en\/fachgruppe\/"},{"@type":"ListItem","position":3,"name":"Advisory Board"}]},{"@type":"WebSite","@id":"https:\/\/www.bioinformatik.de\/en\/#website","url":"https:\/\/www.bioinformatik.de\/en\/","name":"Fachgruppe Bioinformatik","description":"","publisher":{"@id":"https:\/\/www.bioinformatik.de\/en\/#organization"},"potentialAction":[{"@type":"SearchAction","target":{"@type":"EntryPoint","urlTemplate":"https:\/\/www.bioinformatik.de\/en\/?s={search_term_string}"},"query-input":"required name=search_term_string"}],"inLanguage":"en-US"},{"@type":"Organization","@id":"https:\/\/www.bioinformatik.de\/en\/#organization","name":"Fachgruppe Bioinformatik","url":"https:\/\/www.bioinformatik.de\/en\/","logo":{"@type":"ImageObject","inLanguage":"en-US","@id":"https:\/\/www.bioinformatik.de\/en\/#\/schema\/logo\/image\/","url":"https:\/\/www.bioinformatik.de\/wp-content\/uploads\/fabi-logo.svg","contentUrl":"https:\/\/www.bioinformatik.de\/wp-content\/uploads\/fabi-logo.svg","width":1168,"height":319,"caption":"Fachgruppe Bioinformatik"},"image":{"@id":"https:\/\/www.bioinformatik.de\/en\/#\/schema\/logo\/image\/"}}]}},"_links":{"self":[{"href":"https:\/\/www.bioinformatik.de\/en\/wp-json\/wp\/v2\/pages\/1165"}],"collection":[{"href":"https:\/\/www.bioinformatik.de\/en\/wp-json\/wp\/v2\/pages"}],"about":[{"href":"https:\/\/www.bioinformatik.de\/en\/wp-json\/wp\/v2\/types\/page"}],"author":[{"embeddable":true,"href":"https:\/\/www.bioinformatik.de\/en\/wp-json\/wp\/v2\/users\/1"}],"replies":[{"embeddable":true,"href":"https:\/\/www.bioinformatik.de\/en\/wp-json\/wp\/v2\/comments?post=1165"}],"version-history":[{"count":5,"href":"https:\/\/www.bioinformatik.de\/en\/wp-json\/wp\/v2\/pages\/1165\/revisions"}],"predecessor-version":[{"id":3540,"href":"https:\/\/www.bioinformatik.de\/en\/wp-json\/wp\/v2\/pages\/1165\/revisions\/3540"}],"up":[{"embeddable":true,"href":"https:\/\/www.bioinformatik.de\/en\/wp-json\/wp\/v2\/pages\/1162"}],"wp:attachment":[{"href":"https:\/\/www.bioinformatik.de\/en\/wp-json\/wp\/v2\/media?parent=1165"}],"curies":[{"name":"wp","href":"https:\/\/api.w.org\/{rel}","templated":true}]}}